{"id":436,"date":"2023-12-15T12:17:49","date_gmt":"2023-12-15T12:17:49","guid":{"rendered":"https:\/\/tblconsultoriamz.tech\/?page_id=436"},"modified":"2023-12-15T12:17:49","modified_gmt":"2023-12-15T12:17:49","slug":"manutencao-e-reparacao-dos-computadores","status":"publish","type":"page","link":"https:\/\/tblconsultoriamz.tech\/index.php\/manutencao-e-reparacao-dos-computadores\/","title":{"rendered":"Manut\u00ean\u00e7\u00e3o e Repara\u00e7\u00e3o dos Computadores"},"content":{"rendered":"\n<div class=\"wp-block-columns is-layout-flex wp-container-core-columns-is-layout-9d6595d7 wp-block-columns-is-layout-flex\">\n<div class=\"wp-block-column is-layout-flow wp-block-column-is-layout-flow\">\n<figure class=\"wp-block-image size-full\"><img fetchpriority=\"high\" decoding=\"async\" width=\"257\" height=\"196\" src=\"http:\/\/tblconsultoriamz.tech\/wp-content\/uploads\/2021\/03\/images.jpg\" alt=\"\" class=\"wp-image-20\"\/><\/figure>\n<\/div>\n\n\n\n<div class=\"wp-block-column is-layout-flow wp-block-column-is-layout-flow\">\n<figure class=\"wp-block-image size-full\"><img decoding=\"async\" width=\"259\" height=\"194\" src=\"http:\/\/tblconsultoriamz.tech\/wp-content\/uploads\/2021\/12\/indice.jpg\" alt=\"\" class=\"wp-image-177\"\/><\/figure>\n<\/div>\n<\/div>\n\n\n\n<p>Os equipamentos que podem necessitar de manuten\u00e7\u00e3o e reparo, est\u00e3o os perif\u00e9ricos de um computador. Como por exemplo:<\/p>\n\n\n\n<ul class=\"wp-block-list\">\n<li>Impressora, modems, roteadores, scanners, monitores, fontes, teclados, mouses, microfones e perif\u00e9ricos em geral. E forma geral as compet\u00eancias do t\u00e9cnico em manuten\u00e7\u00e3o e suporte em inform\u00e1tica s\u00e3o:avaliar a demanda e as necessidadesda empresa para cada computador ou perif\u00e9rico, em sua organiza\u00e7\u00e3o;<\/li>\n\n\n\n<li>identificar e reparar pe\u00e7as e aparelhos defeituosos;<\/li>\n\n\n\n<li>instalar, configurar e atualizar softwares e sistemas operacionais;<\/li>\n\n\n\n<li>avaliar requisitos de rede;<\/li>\n\n\n\n<li>configurar toda a rede local e Internet da empresa;<\/li>\n\n\n\n<li>configurar solu\u00e7\u00f5es de backups para a empresa;<\/li>\n\n\n\n<li>realizar suporte em tempo h\u00e1bil para que problemas sejam resolvidos no menor tempo poss\u00edvel;<\/li>\n\n\n\n<li>realizar diagn\u00f3sticos de seguran\u00e7a e preven\u00e7\u00e3o de v\u00edrus.<\/li>\n<\/ul>\n","protected":false},"excerpt":{"rendered":"<p>Os equipamentos que podem necessitar de manuten\u00e7\u00e3o e reparo, est\u00e3o os perif\u00e9ricos de um computador. Como por exemplo:<\/p>\n","protected":false},"author":1,"featured_media":20,"parent":0,"menu_order":0,"comment_status":"closed","ping_status":"closed","template":"","meta":{"om_disable_all_campaigns":false,"footnotes":""},"class_list":["post-436","page","type-page","status-publish","has-post-thumbnail","hentry"],"aioseo_notices":[],"_links":{"self":[{"href":"https:\/\/tblconsultoriamz.tech\/index.php\/wp-json\/wp\/v2\/pages\/436","targetHints":{"allow":["GET"]}}],"collection":[{"href":"https:\/\/tblconsultoriamz.tech\/index.php\/wp-json\/wp\/v2\/pages"}],"about":[{"href":"https:\/\/tblconsultoriamz.tech\/index.php\/wp-json\/wp\/v2\/types\/page"}],"author":[{"embeddable":true,"href":"https:\/\/tblconsultoriamz.tech\/index.php\/wp-json\/wp\/v2\/users\/1"}],"replies":[{"embeddable":true,"href":"https:\/\/tblconsultoriamz.tech\/index.php\/wp-json\/wp\/v2\/comments?post=436"}],"version-history":[{"count":1,"href":"https:\/\/tblconsultoriamz.tech\/index.php\/wp-json\/wp\/v2\/pages\/436\/revisions"}],"predecessor-version":[{"id":438,"href":"https:\/\/tblconsultoriamz.tech\/index.php\/wp-json\/wp\/v2\/pages\/436\/revisions\/438"}],"wp:featuredmedia":[{"embeddable":true,"href":"https:\/\/tblconsultoriamz.tech\/index.php\/wp-json\/wp\/v2\/media\/20"}],"wp:attachment":[{"href":"https:\/\/tblconsultoriamz.tech\/index.php\/wp-json\/wp\/v2\/media?parent=436"}],"curies":[{"name":"wp","href":"https:\/\/api.w.org\/{rel}","templated":true}]}}