{"id":415,"date":"2023-07-10T10:32:10","date_gmt":"2023-07-10T10:32:10","guid":{"rendered":"https:\/\/tblconsultoriamz.tech\/?page_id=415"},"modified":"2023-07-14T06:55:06","modified_gmt":"2023-07-14T06:55:06","slug":"gateway-de-pagamento","status":"publish","type":"page","link":"https:\/\/tblconsultoriamz.tech\/index.php\/servicos\/gateway-de-pagamento\/","title":{"rendered":"Gateway de pagamento"},"content":{"rendered":"\n<div class=\"wp-block-columns is-layout-flex wp-container-core-columns-is-layout-9d6595d7 wp-block-columns-is-layout-flex\">\n<div class=\"wp-block-column is-layout-flow wp-block-column-is-layout-flow\">\n<figure class=\"wp-block-image size-full\"><img fetchpriority=\"high\" decoding=\"async\" width=\"395\" height=\"128\" src=\"https:\/\/tblconsultoriamz.tech\/wp-content\/uploads\/2023\/07\/visa.png\" alt=\"\" class=\"wp-image-416\" srcset=\"https:\/\/tblconsultoriamz.tech\/wp-content\/uploads\/2023\/07\/visa.png 395w, https:\/\/tblconsultoriamz.tech\/wp-content\/uploads\/2023\/07\/visa-300x97.png 300w\" sizes=\"(max-width: 395px) 100vw, 395px\" \/><\/figure>\n<\/div>\n\n\n\n<div class=\"wp-block-column is-layout-flow wp-block-column-is-layout-flow\">\n<figure class=\"wp-block-image size-full\"><img decoding=\"async\" width=\"288\" height=\"175\" src=\"https:\/\/tblconsultoriamz.tech\/wp-content\/uploads\/2023\/07\/mastcard.png\" alt=\"\" class=\"wp-image-417\"\/><\/figure>\n<\/div>\n\n\n\n<div class=\"wp-block-column is-layout-flow wp-block-column-is-layout-flow\">\n<figure class=\"wp-block-image size-full\"><img decoding=\"async\" width=\"423\" height=\"119\" src=\"https:\/\/tblconsultoriamz.tech\/wp-content\/uploads\/2023\/07\/paypal.png\" alt=\"\" class=\"wp-image-418\" srcset=\"https:\/\/tblconsultoriamz.tech\/wp-content\/uploads\/2023\/07\/paypal.png 423w, https:\/\/tblconsultoriamz.tech\/wp-content\/uploads\/2023\/07\/paypal-300x84.png 300w\" sizes=\"(max-width: 423px) 100vw, 423px\" \/><\/figure>\n<\/div>\n<\/div>\n\n\n\n<p>O gateway de pagamento \u00e9 a plataforma que faz a\u00a0integra\u00e7\u00e3o\u00a0entre a uma loja, as institui\u00e7\u00f5es financeiras e as adquirentes na hora que um cliente faz uma compra.<\/p>\n\n\n\n<p>Essa \u201cabertura\u201d inclui a capta\u00e7\u00e3o, a transmiss\u00e3o e o armazenamento de\u00a0dados.<\/p>\n\n\n\n<p>Assim, um gateway de pagamento \u00e9 o servi\u00e7o que torna poss\u00edvel para uma empresa realiza vendas e ecommerce.<\/p>\n\n\n\n<figure class=\"wp-block-image size-full\"><img loading=\"lazy\" decoding=\"async\" width=\"803\" height=\"451\" src=\"https:\/\/tblconsultoriamz.tech\/wp-content\/uploads\/2023\/07\/como-funciona-gateway-pagamento.png\" alt=\"\" class=\"wp-image-419\" srcset=\"https:\/\/tblconsultoriamz.tech\/wp-content\/uploads\/2023\/07\/como-funciona-gateway-pagamento.png 803w, https:\/\/tblconsultoriamz.tech\/wp-content\/uploads\/2023\/07\/como-funciona-gateway-pagamento-300x168.png 300w, https:\/\/tblconsultoriamz.tech\/wp-content\/uploads\/2023\/07\/como-funciona-gateway-pagamento-768x431.png 768w\" sizes=\"(max-width: 803px) 100vw, 803px\" \/><\/figure>\n\n\n\n<ol class=\"wp-block-list\">\n<li>O cliente faz uma&nbsp;<strong>compra<\/strong>&nbsp;e insere as informa\u00e7\u00f5es de pagamento na p\u00e1gina do e-commerce;<\/li>\n\n\n\n<li>O navegador da web&nbsp;<strong>criptografa<\/strong>&nbsp;as informa\u00e7\u00f5es de pagamento (dados do cart\u00e3o, da conta etc.);<\/li>\n\n\n\n<li>As informa\u00e7\u00f5es criptografadas s\u00e3o transmitidas para a adquirente ou o banco. Nessa hora, as informa\u00e7\u00f5es de&nbsp;<strong>pagamento<\/strong>&nbsp;s\u00e3o verificadas para saber se os dados do cart\u00e3o est\u00e3o certos e se h\u00e1 saldo\/limite para que a compra seja realizada;<\/li>\n\n\n\n<li>Ap\u00f3s a&nbsp;<strong>verifica\u00e7\u00e3o<\/strong>, \u00e9 enviada uma resposta, confirmando se o pagamento foi autorizado ou n\u00e3o.<\/li>\n\n\n\n<li>A transa\u00e7\u00e3o \u00e9&nbsp;<strong>finalizada<\/strong>&nbsp;com sucesso (em caso de aprova\u00e7\u00e3o do pagamento) ou recusada (caso o pagamento n\u00e3o tenha sido aprovado).<\/li>\n\n\n\n<li>As informa\u00e7\u00f5es de cada transa\u00e7\u00e3o s\u00e3o armazenadas, de forma que o estabelecimento comercial possa receber posteriormente o valor das&nbsp;<strong>vendas<\/strong><\/li>\n<\/ol>\n\n\n\n<p>Todo esse fluxo deve ser feito rapidamente e s\u00e3o realizadas tamb\u00e9m verifica\u00e7\u00f5es de\u00a0seguran\u00e7a\u00a0durante o processamento.<\/p>\n","protected":false},"excerpt":{"rendered":"<p>O gateway de pagamento \u00e9 a plataforma que faz a\u00a0integra\u00e7\u00e3o\u00a0entre a uma loja, as institui\u00e7\u00f5es financeiras e as adquirentes na hora que um cliente faz uma compra. Essa \u201cabertura\u201d inclui a capta\u00e7\u00e3o, a transmiss\u00e3o e o armazenamento de\u00a0dados. Assim, um gateway de pagamento \u00e9 o servi\u00e7o que torna poss\u00edvel para uma empresa realiza vendas e [&hellip;]<\/p>\n","protected":false},"author":1,"featured_media":0,"parent":166,"menu_order":4,"comment_status":"closed","ping_status":"closed","template":"","meta":{"om_disable_all_campaigns":false,"footnotes":""},"class_list":["post-415","page","type-page","status-publish","hentry"],"aioseo_notices":[],"_links":{"self":[{"href":"https:\/\/tblconsultoriamz.tech\/index.php\/wp-json\/wp\/v2\/pages\/415","targetHints":{"allow":["GET"]}}],"collection":[{"href":"https:\/\/tblconsultoriamz.tech\/index.php\/wp-json\/wp\/v2\/pages"}],"about":[{"href":"https:\/\/tblconsultoriamz.tech\/index.php\/wp-json\/wp\/v2\/types\/page"}],"author":[{"embeddable":true,"href":"https:\/\/tblconsultoriamz.tech\/index.php\/wp-json\/wp\/v2\/users\/1"}],"replies":[{"embeddable":true,"href":"https:\/\/tblconsultoriamz.tech\/index.php\/wp-json\/wp\/v2\/comments?post=415"}],"version-history":[{"count":2,"href":"https:\/\/tblconsultoriamz.tech\/index.php\/wp-json\/wp\/v2\/pages\/415\/revisions"}],"predecessor-version":[{"id":427,"href":"https:\/\/tblconsultoriamz.tech\/index.php\/wp-json\/wp\/v2\/pages\/415\/revisions\/427"}],"up":[{"embeddable":true,"href":"https:\/\/tblconsultoriamz.tech\/index.php\/wp-json\/wp\/v2\/pages\/166"}],"wp:attachment":[{"href":"https:\/\/tblconsultoriamz.tech\/index.php\/wp-json\/wp\/v2\/media?parent=415"}],"curies":[{"name":"wp","href":"https:\/\/api.w.org\/{rel}","templated":true}]}}