{"id":2,"date":"2021-03-30T09:37:01","date_gmt":"2021-03-30T09:37:01","guid":{"rendered":"http:\/\/tblconsultoriamz.tech\/?page_id=2"},"modified":"2021-12-12T12:13:00","modified_gmt":"2021-12-12T12:13:00","slug":"recuperacao-de-dados","status":"publish","type":"page","link":"https:\/\/tblconsultoriamz.tech\/index.php\/recuperacao-de-dados\/","title":{"rendered":"Recupera\u00e7\u00e3o de Dados"},"content":{"rendered":"\n<div class=\"wp-block-columns is-layout-flex wp-container-core-columns-is-layout-9d6595d7 wp-block-columns-is-layout-flex\">\n<div class=\"wp-block-column is-layout-flow wp-block-column-is-layout-flow\">\n<figure class=\"wp-block-image size-full\"><img fetchpriority=\"high\" decoding=\"async\" width=\"259\" height=\"194\" src=\"http:\/\/tblconsultoriamz.tech\/wp-content\/uploads\/2021\/12\/indice.jpg\" alt=\"\" class=\"wp-image-177\"\/><\/figure>\n<\/div>\n\n\n\n<div class=\"wp-block-column is-layout-flow wp-block-column-is-layout-flow\">\n<p>Decis\u00e3o mais importante que tomamos quando perdemos os nossos dados, por qualquer raz\u00e3o: v\u00edrus, formata\u00e7\u00e3o, avaria do disco, arquivos apagados, sabotagem, avaria mec\u00e2nica, sistema bloqueado, parti\u00e7\u00f5es, se a superf\u00edcie dos pratos est\u00e3o danificados, picos e falhas de corrente, pancadas e ru\u00eddos. \u00c9 muito importante n\u00e3o entregar os seus dados em m\u00e3os de tecnicos n\u00e3o qualificados, as recupera\u00e7\u00f5es de dados e equipamentos obrigat\u00f3rios de recupera\u00e7\u00e3o e acima de tudo um profundo entendimento do problema e da solu\u00e7\u00e3o.<\/p>\n<\/div>\n<\/div>\n\n\n\n<p>O armazenamento da recupera\u00e7\u00e3o dos ficheiros pode ser feita para qualquer tipo de dispositivo de armazenamento ou sistema operativo.<\/p>\n\n\n\n<div class=\"wp-block-columns is-layout-flex wp-container-core-columns-is-layout-9d6595d7 wp-block-columns-is-layout-flex\">\n<div class=\"wp-block-column is-layout-flow wp-block-column-is-layout-flow\">\n<figure class=\"wp-block-image size-full\"><img decoding=\"async\" width=\"259\" height=\"194\" src=\"https:\/\/tblconsultoriamz.tech\/wp-content\/uploads\/2021\/12\/indice2.jpg\" alt=\"\" class=\"wp-image-181\"\/><\/figure>\n<\/div>\n\n\n\n<div class=\"wp-block-column is-layout-flow wp-block-column-is-layout-flow\">\n<figure class=\"wp-block-image size-full\"><img decoding=\"async\" width=\"252\" height=\"200\" src=\"http:\/\/tblconsultoriamz.tech\/wp-content\/uploads\/2021\/12\/indice3.jpg\" alt=\"\" class=\"wp-image-182\"\/><\/figure>\n<\/div>\n<\/div>\n\n\n\n<p><\/p>\n","protected":false},"excerpt":{"rendered":"<p>Decis\u00e3o mais importante que tomamos quando perdemos os nossos dados, por qualquer raz\u00e3o: v\u00edrus, formata\u00e7\u00e3o, avaria do disco, arquivos apagados, sabotagem, avaria mec\u00e2nica, sistema bloqueado, parti\u00e7\u00f5es, se a superf\u00edcie dos pratos est\u00e3o danificados, picos e falhas de corrente, pancadas e ru\u00eddos. \u00c9 muito importante n\u00e3o entregar os seus dados em m\u00e3os de tecnicos n\u00e3o qualificados, [&hellip;]<\/p>\n","protected":false},"author":1,"featured_media":0,"parent":0,"menu_order":0,"comment_status":"closed","ping_status":"closed","template":"","meta":{"om_disable_all_campaigns":false,"footnotes":""},"class_list":["post-2","page","type-page","status-publish","hentry"],"aioseo_notices":[],"_links":{"self":[{"href":"https:\/\/tblconsultoriamz.tech\/index.php\/wp-json\/wp\/v2\/pages\/2","targetHints":{"allow":["GET"]}}],"collection":[{"href":"https:\/\/tblconsultoriamz.tech\/index.php\/wp-json\/wp\/v2\/pages"}],"about":[{"href":"https:\/\/tblconsultoriamz.tech\/index.php\/wp-json\/wp\/v2\/types\/page"}],"author":[{"embeddable":true,"href":"https:\/\/tblconsultoriamz.tech\/index.php\/wp-json\/wp\/v2\/users\/1"}],"replies":[{"embeddable":true,"href":"https:\/\/tblconsultoriamz.tech\/index.php\/wp-json\/wp\/v2\/comments?post=2"}],"version-history":[{"count":4,"href":"https:\/\/tblconsultoriamz.tech\/index.php\/wp-json\/wp\/v2\/pages\/2\/revisions"}],"predecessor-version":[{"id":183,"href":"https:\/\/tblconsultoriamz.tech\/index.php\/wp-json\/wp\/v2\/pages\/2\/revisions\/183"}],"wp:attachment":[{"href":"https:\/\/tblconsultoriamz.tech\/index.php\/wp-json\/wp\/v2\/media?parent=2"}],"curies":[{"name":"wp","href":"https:\/\/api.w.org\/{rel}","templated":true}]}}