{"id":169,"date":"2021-12-12T12:00:00","date_gmt":"2021-12-12T12:00:00","guid":{"rendered":"https:\/\/tblconsultoriamz.tech\/?page_id=169"},"modified":"2022-11-01T07:19:45","modified_gmt":"2022-11-01T07:19:45","slug":"servico-erp","status":"publish","type":"page","link":"https:\/\/tblconsultoriamz.tech\/index.php\/servico-erp\/","title":{"rendered":"Gest\u00e3o-ERP"},"content":{"rendered":"\n<div class=\"wp-block-columns is-layout-flex wp-container-core-columns-is-layout-9d6595d7 wp-block-columns-is-layout-flex\">\n<div class=\"wp-block-column is-layout-flow wp-block-column-is-layout-flow\">\n<figure class=\"wp-block-image size-full\"><img fetchpriority=\"high\" decoding=\"async\" width=\"259\" height=\"194\" src=\"https:\/\/tblconsultoriamz.tech\/wp-content\/uploads\/2022\/02\/indice2.png\" alt=\"\" class=\"wp-image-279\"\/><\/figure>\n<\/div>\n\n\n\n<div class=\"wp-block-column is-layout-flow wp-block-column-is-layout-flow\">\n<figure class=\"wp-block-image size-full\"><img decoding=\"async\" width=\"447\" height=\"113\" src=\"https:\/\/tblconsultoriamz.tech\/wp-content\/uploads\/2022\/02\/indice.png\" alt=\"\" class=\"wp-image-280\" srcset=\"https:\/\/tblconsultoriamz.tech\/wp-content\/uploads\/2022\/02\/indice.png 447w, https:\/\/tblconsultoriamz.tech\/wp-content\/uploads\/2022\/02\/indice-300x76.png 300w\" sizes=\"(max-width: 447px) 100vw, 447px\" \/><\/figure>\n<\/div>\n<\/div>\n\n\n\n<p><strong>Pacote Contabilidade<\/strong><\/p>\n\n\n\n<p>Configura\u00e7\u00f5es de Sistema Cria\u00e7\u00e3o e manuten\u00e7\u00e3o de Entidades Abertura autom\u00e1tica de Contas Prepara\u00e7\u00e3o, abertura de ano e documento de abertura<\/p>\n\n\n\n<p>Manuten\u00e7\u00e3o (cria\u00e7\u00e3o, altera\u00e7\u00e3o e elimina\u00e7\u00e3o) do Plano de Contas, IVA, Selo, Funcional e Alternativo Manuten\u00e7\u00e3o das Tabelas de Di\u00e1rios e Documentos Registo de movimentos contabil\u00edsticos: <\/p>\n\n\n\n<p>&#8211; Movimentos com e sem reflex\u00e3o para Classes de IVA <\/p>\n\n\n\n<p>&#8211; Movimentos com e sem reflex\u00e3o para Classes de Selo <\/p>\n\n\n\n<p>&#8211; Movimentos com e sem reflex\u00e3o para Planos Alternativos<\/p>\n\n\n\n<p> &#8211; Explora\u00e7\u00e3o<\/p>\n\n\n\n<p><strong>Pacote Recursos Humanos<\/strong><\/p>\n\n\n\n<p>Configura\u00e7\u00e3o dos par\u00e2metros do Administrador Configura\u00e7\u00e3o das Tabelas Gest\u00e3o das f\u00e9rias dos funcion\u00e1rios Simula\u00e7\u00e3o de vencimentos<\/p>\n\n\n\n<p><strong>PROCESSAMENTO DE VENCIMENTOS<\/strong> Processamento Manual e Autom\u00e1tico Processamento Extraordin\u00e1rio Processamento de Vencimentos com Faltas\/ Horas Extras\/ Descontos Remunera\u00e7\u00f5es Subs\u00eddios &#8211; Alimenta\u00e7\u00e3o &#8211; Turno &#8211; F\u00e9rias<\/p>\n\n\n\n<p><strong>MAPAS E DECLARA\u00c7\u00d5ES<\/strong> <\/p>\n\n\n\n<p>Prepara\u00e7\u00e3o e emiss\u00e3o de modelos fiscais &#8211; Modelo 10 &#8211; Mapas de Seguros &#8211; Declara\u00e7\u00e3o de Remunera\u00e7\u00f5es &#8211; Relat\u00f3rio<\/p>\n\n\n\n<p><strong>GEST\u00c3O CONTRATUAL <\/strong><\/p>\n\n\n\n<p>Enquadramento e Parametriza\u00e7\u00f5es Hist\u00f3rico Contratual Renova\u00e7\u00f5es de Contratos C\u00e1lculo de Fins de Contrato Readmiss\u00e3o de Funcion\u00e1rio<\/p>\n\n\n\n<p><strong>Factura\u00e7\u00e3o<\/strong><\/p>\n\n\n\n<p>factura\u00e7\u00e3o electr\u00f3nica \u00e9 um processo cada vez mais utilizado pelas empresas a n\u00edvel nacional e internacional e uma grande recomenda\u00e7\u00e3o da Comiss\u00e3o Europeia com vista a aumentar a efici\u00eancia administrativa das organiza\u00e7\u00f5es.\u00a0<\/p>\n\n\n\n<p>Quer a sua empresa seja fornecedora do Estado, quer forne\u00e7a apenas o sector privado,  tem a solu\u00e7\u00e3o de factura\u00e7\u00e3o electr\u00f3nica e EDI (Electronic Data Interchange) adequada para si.\u00a0\u00a0<\/p>\n\n\n\n<p>Cumpra com seguran\u00e7a as obriga\u00e7\u00f5es legais e fiscais\u00a0 ou simplesmente adira \u00e0 factura\u00e7\u00e3o electr\u00f3nica para aumentar a produtividade e a efici\u00eancia da sua organiza\u00e7\u00e3o. As solu\u00e7\u00f5es de factura\u00e7\u00e3o podem ser com base nos mapas criadas desenvolvidas ao criterio do cliente da integra\u00e7\u00e3o automatica dos documentos<strong> <\/strong>, permitindo-lhe acabar com erros e tarefas rotineiras que n\u00e3o geram qualquer valor.<\/p>\n","protected":false},"excerpt":{"rendered":"<p>Pacote Contabilidade Configura\u00e7\u00f5es de Sistema Cria\u00e7\u00e3o e manuten\u00e7\u00e3o de Entidades Abertura autom\u00e1tica de Contas Prepara\u00e7\u00e3o, abertura de ano e documento de abertura Manuten\u00e7\u00e3o (cria\u00e7\u00e3o, altera\u00e7\u00e3o e elimina\u00e7\u00e3o) do Plano de Contas, IVA, Selo, Funcional e Alternativo Manuten\u00e7\u00e3o das Tabelas de Di\u00e1rios e Documentos Registo de movimentos contabil\u00edsticos: &#8211; Movimentos com e sem reflex\u00e3o para Classes [&hellip;]<\/p>\n","protected":false},"author":1,"featured_media":0,"parent":0,"menu_order":0,"comment_status":"closed","ping_status":"closed","template":"","meta":{"om_disable_all_campaigns":false,"footnotes":""},"class_list":["post-169","page","type-page","status-publish","hentry"],"aioseo_notices":[],"_links":{"self":[{"href":"https:\/\/tblconsultoriamz.tech\/index.php\/wp-json\/wp\/v2\/pages\/169","targetHints":{"allow":["GET"]}}],"collection":[{"href":"https:\/\/tblconsultoriamz.tech\/index.php\/wp-json\/wp\/v2\/pages"}],"about":[{"href":"https:\/\/tblconsultoriamz.tech\/index.php\/wp-json\/wp\/v2\/types\/page"}],"author":[{"embeddable":true,"href":"https:\/\/tblconsultoriamz.tech\/index.php\/wp-json\/wp\/v2\/users\/1"}],"replies":[{"embeddable":true,"href":"https:\/\/tblconsultoriamz.tech\/index.php\/wp-json\/wp\/v2\/comments?post=169"}],"version-history":[{"count":11,"href":"https:\/\/tblconsultoriamz.tech\/index.php\/wp-json\/wp\/v2\/pages\/169\/revisions"}],"predecessor-version":[{"id":387,"href":"https:\/\/tblconsultoriamz.tech\/index.php\/wp-json\/wp\/v2\/pages\/169\/revisions\/387"}],"wp:attachment":[{"href":"https:\/\/tblconsultoriamz.tech\/index.php\/wp-json\/wp\/v2\/media?parent=169"}],"curies":[{"name":"wp","href":"https:\/\/api.w.org\/{rel}","templated":true}]}}