{"id":142,"date":"2021-09-13T13:28:07","date_gmt":"2021-09-13T13:28:07","guid":{"rendered":"https:\/\/tblconsultoriamz.tech\/?page_id=142"},"modified":"2021-12-12T12:15:38","modified_gmt":"2021-12-12T12:15:38","slug":"servico-de-rede","status":"publish","type":"page","link":"https:\/\/tblconsultoriamz.tech\/index.php\/servico-de-rede\/","title":{"rendered":"Servi\u00e7o de Rede"},"content":{"rendered":"\n<div class=\"wp-block-columns is-layout-flex wp-container-core-columns-is-layout-9d6595d7 wp-block-columns-is-layout-flex\">\n<div class=\"wp-block-column is-layout-flow wp-block-column-is-layout-flow\">\n<figure class=\"wp-block-image size-full\"><img fetchpriority=\"high\" decoding=\"async\" width=\"290\" height=\"174\" src=\"https:\/\/tblconsultoriamz.tech\/wp-content\/uploads\/2021\/12\/indice4.jpg\" alt=\"\" class=\"wp-image-185\"\/><\/figure>\n<\/div>\n\n\n\n<div class=\"wp-block-column is-layout-flow wp-block-column-is-layout-flow\">\n<figure class=\"wp-block-image size-full\"><img decoding=\"async\" width=\"286\" height=\"176\" src=\"https:\/\/tblconsultoriamz.tech\/wp-content\/uploads\/2021\/12\/indice5.png\" alt=\"\" class=\"wp-image-186\"\/><\/figure>\n<\/div>\n<\/div>\n\n\n\n<p> Especializada em instala\u00e7\u00f5es de infra-estruturas de redes para transmiss\u00e3o de voz e dados em ambiente profissional.<\/p>\n\n\n\n<p>Montamos redes de computadores de acordo com as necessidades dos nossos clientes, para pequenas, medias e grandes empresas.<\/p>\n\n\n\n<p>administramos os endere\u00e7os IP e nomes de dom\u00ednio da unidade, configuramos e valida o gateway\/roteador de acesso \u00e0 Internet e buscam constantemente a otimiza\u00e7\u00e3o dos recursos computacionais, garantindo o bom uso e a seguran\u00e7a dos recursos. Tamb\u00e9m prov\u00ea os servi\u00e7os corporativos de autentica\u00e7\u00e3o, backup, e-mail e impress\u00e3o, entre outros.<\/p>\n","protected":false},"excerpt":{"rendered":"<p>Especializada em instala\u00e7\u00f5es de infra-estruturas de redes para transmiss\u00e3o de voz e dados em ambiente profissional. Montamos redes de computadores de acordo com as necessidades dos nossos clientes, para pequenas, medias e grandes empresas. administramos os endere\u00e7os IP e nomes de dom\u00ednio da unidade, configuramos e valida o gateway\/roteador de acesso \u00e0 Internet e buscam [&hellip;]<\/p>\n","protected":false},"author":1,"featured_media":0,"parent":0,"menu_order":0,"comment_status":"closed","ping_status":"closed","template":"","meta":{"om_disable_all_campaigns":false,"footnotes":""},"class_list":["post-142","page","type-page","status-publish","hentry"],"aioseo_notices":[],"_links":{"self":[{"href":"https:\/\/tblconsultoriamz.tech\/index.php\/wp-json\/wp\/v2\/pages\/142","targetHints":{"allow":["GET"]}}],"collection":[{"href":"https:\/\/tblconsultoriamz.tech\/index.php\/wp-json\/wp\/v2\/pages"}],"about":[{"href":"https:\/\/tblconsultoriamz.tech\/index.php\/wp-json\/wp\/v2\/types\/page"}],"author":[{"embeddable":true,"href":"https:\/\/tblconsultoriamz.tech\/index.php\/wp-json\/wp\/v2\/users\/1"}],"replies":[{"embeddable":true,"href":"https:\/\/tblconsultoriamz.tech\/index.php\/wp-json\/wp\/v2\/comments?post=142"}],"version-history":[{"count":3,"href":"https:\/\/tblconsultoriamz.tech\/index.php\/wp-json\/wp\/v2\/pages\/142\/revisions"}],"predecessor-version":[{"id":187,"href":"https:\/\/tblconsultoriamz.tech\/index.php\/wp-json\/wp\/v2\/pages\/142\/revisions\/187"}],"wp:attachment":[{"href":"https:\/\/tblconsultoriamz.tech\/index.php\/wp-json\/wp\/v2\/media?parent=142"}],"curies":[{"name":"wp","href":"https:\/\/api.w.org\/{rel}","templated":true}]}}